{"id":117,"date":"2026-03-16T16:17:50","date_gmt":"2026-03-16T16:17:50","guid":{"rendered":"https:\/\/aranypartetterem.hu\/kapcsolat\/"},"modified":"2026-04-21T11:29:03","modified_gmt":"2026-04-21T11:29:03","slug":"contact","status":"publish","type":"page","link":"https:\/\/aranypartetterem.hu\/en\/kapcsolat\/","title":{"rendered":"Contact"},"content":{"rendered":"\t\t<div data-elementor-type=\"wp-page\" data-elementor-id=\"117\" class=\"elementor elementor-117\" data-elementor-post-type=\"page\">\n\t\t\t\t<div class=\"elementor-element elementor-element-f8eb07b e-flex e-con-boxed e-con e-parent\" data-id=\"f8eb07b\" data-element_type=\"container\" data-e-type=\"container\" data-settings=\"{&quot;background_background&quot;:&quot;slideshow&quot;,&quot;background_slideshow_gallery&quot;:[{&quot;id&quot;:559,&quot;url&quot;:&quot;http:\\\/\\\/aranypartetterem.hu\\\/wp-content\\\/uploads\\\/2026\\\/04\\\/aranypart-sator-kemping-camping-siofok-bamboo-sziget-840x560-1.jpg&quot;},{&quot;id&quot;:558,&quot;url&quot;:&quot;http:\\\/\\\/aranypartetterem.hu\\\/wp-content\\\/uploads\\\/2026\\\/04\\\/aranypart-12.exact1980w.jpg&quot;},{&quot;id&quot;:557,&quot;url&quot;:&quot;http:\\\/\\\/aranypartetterem.hu\\\/wp-content\\\/uploads\\\/2026\\\/04\\\/outside.jpg&quot;}],&quot;shape_divider_bottom&quot;:&quot;triangle-asymmetrical&quot;,&quot;background_slideshow_loop&quot;:&quot;yes&quot;,&quot;background_slideshow_slide_duration&quot;:5000,&quot;background_slideshow_slide_transition&quot;:&quot;fade&quot;,&quot;background_slideshow_transition_duration&quot;:500}\">\n\t\t\t\t\t<div class=\"e-con-inner\">\n\t\t\t\t<div class=\"elementor-shape elementor-shape-bottom\" aria-hidden=\"true\" data-negative=\"false\">\n\t\t\t<svg xmlns=\"http:\/\/www.w3.org\/2000\/svg\" viewBox=\"0 0 1000 100\" preserveAspectRatio=\"none\">\n\t<path class=\"elementor-shape-fill\" d=\"M738,99l262-93V0H0v5.6L738,99z\"\/>\n<\/svg>\t\t<\/div>\n\t\t\t\t\t<\/div>\n\t\t\t\t<\/div>\n\t\t<div class=\"elementor-element elementor-element-e36a932 e-flex e-con-boxed e-con e-parent\" data-id=\"e36a932\" data-element_type=\"container\" data-e-type=\"container\" data-settings=\"{&quot;background_background&quot;:&quot;classic&quot;}\">\n\t\t\t\t\t<div class=\"e-con-inner\">\n\t\t<div class=\"elementor-element elementor-element-5e5ef81 e-con-full e-flex e-con e-child\" data-id=\"5e5ef81\" data-element_type=\"container\" data-e-type=\"container\">\n\t\t<div class=\"elementor-element elementor-element-2aa44b0 e-con-full e-flex e-con e-child\" data-id=\"2aa44b0\" data-element_type=\"container\" data-e-type=\"container\">\n\t\t\t\t<div class=\"elementor-element elementor-element-f1532e6 elementor-widget elementor-widget-google_maps\" data-id=\"f1532e6\" data-element_type=\"widget\" data-e-type=\"widget\" data-widget_type=\"google_maps.default\">\n\t\t\t\t\t\t\t<div class=\"elementor-custom-embed\">\n\t\t\t<iframe loading=\"lazy\"\n\t\t\t\t\tsrc=\"https:\/\/maps.google.com\/maps?q=Si%C3%B3fok%2C%20szent%20l%C3%A1szl%C3%B3%20utca%20185.&#038;t=m&#038;z=12&#038;output=embed&#038;iwloc=near\"\n\t\t\t\t\ttitle=\"Si\u00f3fok, szent l\u00e1szl\u00f3 utca 185.\"\n\t\t\t\t\taria-label=\"Si\u00f3fok, szent l\u00e1szl\u00f3 utca 185.\"\n\t\t\t><\/iframe>\n\t\t<\/div>\n\t\t\t\t\t\t<\/div>\n\t\t\t\t<\/div>\n\t\t<div class=\"elementor-element elementor-element-93aeb85 e-con-full e-flex e-con e-child\" data-id=\"93aeb85\" data-element_type=\"container\" data-e-type=\"container\">\n\t\t\t\t<div class=\"elementor-element elementor-element-23fb54c text-left text--mobilecenter elementor-widget elementor-widget-tp-heading-title\" data-id=\"23fb54c\" data-element_type=\"widget\" data-e-type=\"widget\" data-widget_type=\"tp-heading-title.default\">\n\t\t\t\t\t<div class=\"heading heading_style heading_style69ed45824c56d style-1 \"  data-tp-gsap-heading-text=\"\" data-tp-gsap-sub-heading-text=\"\"><div class=\"sub-style \"  ><div class=\"sub-heading\"><h2 class=\"heading-sub-title  \"> K\u00fcldj\u00f6n nek\u00fcnk \u00fczenetet <\/h2><\/div><\/div><\/div>\t\t\t\t<\/div>\n\t\t\t\t<div class=\"elementor-element elementor-element-3f50aa6 elementor-widget elementor-widget-tp-adv-text-block\" data-id=\"3f50aa6\" data-element_type=\"widget\" data-e-type=\"widget\" data-widget_type=\"tp-adv-text-block.default\">\n\t\t\t\t\t<div class=\"pt-plus-text-block-wrapper\" data-tp-gsap-textblock=\"\" ><div class=\"text_block_parallax\"><div class=\"pt_plus_adv_text_block \" ><div class=\"text-content-block\"><p>Szeretne asztalt foglalni, vagy inform\u00e1ci\u00f3t k\u00e9rni szolg\u00e1ltat\u00e1sainkr\u00f3l? \u00cdrja meg nek\u00fcnk, miben seg\u00edthet\u00fcnk, \u00e9s a megadott el\u00e9rhet\u0151s\u00e9gek egyik\u00e9n hamarosan jelentkez\u00fcnk!<\/p><\/div><\/div><\/div><\/div>\t\t\t\t<\/div>\n\t\t\t\t<div class=\"elementor-element elementor-element-c278c8b elementor-button-align-stretch elementor-widget elementor-widget-form\" data-id=\"c278c8b\" data-element_type=\"widget\" data-e-type=\"widget\" data-settings=\"{&quot;step_next_label&quot;:&quot;Next&quot;,&quot;step_previous_label&quot;:&quot;Previous&quot;,&quot;button_width&quot;:&quot;100&quot;,&quot;step_type&quot;:&quot;number_text&quot;,&quot;step_icon_shape&quot;:&quot;circle&quot;}\" data-widget_type=\"form.default\">\n\t\t\t\t\t\t\t<form class=\"elementor-form\" method=\"post\" name=\"New Form\" aria-label=\"New Form\">\n\t\t\t<input type=\"hidden\" name=\"post_id\" value=\"117\"\/>\n\t\t\t<input type=\"hidden\" name=\"form_id\" value=\"c278c8b\"\/>\n\t\t\t<input type=\"hidden\" name=\"referer_title\" value=\"Kapcsolat - Aranypart \u00c9tterem\" \/>\n\n\t\t\t\t\t\t\t<input type=\"hidden\" name=\"queried_id\" value=\"117\"\/>\n\t\t\t\n\t\t\t<div class=\"elementor-form-fields-wrapper elementor-labels-above\">\n\t\t\t\t\t\t\t\t<div class=\"elementor-field-type-text elementor-field-group elementor-column elementor-field-group-nev elementor-col-100 elementor-field-required elementor-mark-required\">\n\t\t\t\t\t\t\t\t\t\t\t\t\t<input size=\"1\" type=\"text\" name=\"form_fields[nev]\" id=\"form-field-nev\" class=\"elementor-field elementor-size-md  elementor-field-textual\" placeholder=\"N\u00e9v\" required=\"required\">\n\t\t\t\t\t\t\t\t\t\t\t<\/div>\n\t\t\t\t\t\t\t\t<div class=\"elementor-field-type-email elementor-field-group elementor-column elementor-field-group-email elementor-col-100 elementor-field-required elementor-mark-required\">\n\t\t\t\t\t\t\t\t\t\t\t\t\t<input size=\"1\" type=\"email\" name=\"form_fields[email]\" id=\"form-field-email\" class=\"elementor-field elementor-size-md  elementor-field-textual\" placeholder=\"Email\" required=\"required\">\n\t\t\t\t\t\t\t\t\t\t\t<\/div>\n\t\t\t\t\t\t\t\t<div class=\"elementor-field-type-textarea elementor-field-group elementor-column elementor-field-group-message elementor-col-100\">\n\t\t\t\t\t<textarea class=\"elementor-field-textual elementor-field  elementor-size-md\" name=\"form_fields[message]\" id=\"form-field-message\" rows=\"4\" placeholder=\"\u00dczenet\"><\/textarea>\t\t\t\t<\/div>\n\t\t\t\t\t\t\t\t<div class=\"elementor-field-group elementor-column elementor-field-type-submit elementor-col-100 e-form__buttons\">\n\t\t\t\t\t<button class=\"elementor-button elementor-size-sm\" type=\"submit\">\n\t\t\t\t\t\t<span class=\"elementor-button-content-wrapper\">\n\t\t\t\t\t\t\t\t\t\t\t\t\t\t\t\t\t\t\t\t\t\t<span class=\"elementor-button-text\">Bek\u00fcld\u00e9s<\/span>\n\t\t\t\t\t\t\t\t\t\t\t\t\t<\/span>\n\t\t\t\t\t<\/button>\n\t\t\t\t<\/div>\n\t\t\t<\/div>\n\t\t<\/form>\n\t\t\t\t\t\t<\/div>\n\t\t\t\t<\/div>\n\t\t\t\t<\/div>\n\t\t\t\t\t<\/div>\n\t\t\t\t<\/div>\n\t\t\t\t<\/div>\n\t\t","protected":false},"excerpt":{"rendered":"<p>Send us a message Want to book a table or request information about our services? Let us know how we can help you and we'll be in touch soon using one of the contact details below!<\/p>","protected":false},"author":1,"featured_media":0,"parent":0,"menu_order":0,"comment_status":"closed","ping_status":"closed","template":"","meta":{"_acf_changed":false,"footnotes":""},"class_list":["post-117","page","type-page","status-publish","hentry"],"acf":[],"yoast_head":"<!-- This site is optimized with the Yoast SEO plugin v27.1.1 - https:\/\/yoast.com\/product\/yoast-seo-wordpress\/ -->\n<title>Kapcsolat - Aranypart \u00c9tterem<\/title>\n<meta name=\"robots\" content=\"index, follow, max-snippet:-1, max-image-preview:large, max-video-preview:-1\" \/>\n<link rel=\"canonical\" href=\"https:\/\/aranypartetterem.hu\/en\/contact\/\" \/>\n<meta property=\"og:locale\" content=\"en_US\" \/>\n<meta property=\"og:type\" content=\"article\" \/>\n<meta property=\"og:title\" content=\"Kapcsolat - Aranypart \u00c9tterem\" \/>\n<meta property=\"og:description\" content=\"K\u00fcldj\u00f6n nek\u00fcnk \u00fczenetet Szeretne asztalt foglalni, vagy inform\u00e1ci\u00f3t k\u00e9rni szolg\u00e1ltat\u00e1sainkr\u00f3l? \u00cdrja meg nek\u00fcnk, miben seg\u00edthet\u00fcnk, \u00e9s a megadott el\u00e9rhet\u0151s\u00e9gek egyik\u00e9n hamarosan jelentkez\u00fcnk!\" \/>\n<meta property=\"og:url\" content=\"https:\/\/aranypartetterem.hu\/en\/contact\/\" \/>\n<meta property=\"og:site_name\" content=\"Aranypart \u00c9tterem\" \/>\n<meta property=\"article:modified_time\" content=\"2026-04-21T11:29:03+00:00\" \/>\n<meta name=\"twitter:card\" content=\"summary_large_image\" \/>\n<meta name=\"twitter:label1\" content=\"Est. reading time\" \/>\n\t<meta name=\"twitter:data1\" content=\"1 minute\" \/>\n<script type=\"application\/ld+json\" class=\"yoast-schema-graph\">{\"@context\":\"https:\/\/schema.org\",\"@graph\":[{\"@type\":\"WebPage\",\"@id\":\"https:\/\/aranypartetterem.hu\/kapcsolat\/\",\"url\":\"https:\/\/aranypartetterem.hu\/kapcsolat\/\",\"name\":\"Kapcsolat - Aranypart \u00c9tterem\",\"isPartOf\":{\"@id\":\"https:\/\/aranypartetterem.hu\/#website\"},\"datePublished\":\"2026-03-16T16:17:50+00:00\",\"dateModified\":\"2026-04-21T11:29:03+00:00\",\"breadcrumb\":{\"@id\":\"https:\/\/aranypartetterem.hu\/kapcsolat\/#breadcrumb\"},\"inLanguage\":\"en-US\",\"potentialAction\":[{\"@type\":\"ReadAction\",\"target\":[\"https:\/\/aranypartetterem.hu\/kapcsolat\/\"]}]},{\"@type\":\"BreadcrumbList\",\"@id\":\"https:\/\/aranypartetterem.hu\/kapcsolat\/#breadcrumb\",\"itemListElement\":[{\"@type\":\"ListItem\",\"position\":1,\"name\":\"Home\",\"item\":\"https:\/\/aranypartetterem.hu\/\"},{\"@type\":\"ListItem\",\"position\":2,\"name\":\"Kapcsolat\"}]},{\"@type\":\"WebSite\",\"@id\":\"https:\/\/aranypartetterem.hu\/#website\",\"url\":\"https:\/\/aranypartetterem.hu\/\",\"name\":\"Aranypart \u00c9tterem\",\"description\":\"Aranypart &Eacute;tterem\",\"publisher\":{\"@id\":\"https:\/\/aranypartetterem.hu\/#organization\"},\"potentialAction\":[{\"@type\":\"SearchAction\",\"target\":{\"@type\":\"EntryPoint\",\"urlTemplate\":\"https:\/\/aranypartetterem.hu\/?s={search_term_string}\"},\"query-input\":{\"@type\":\"PropertyValueSpecification\",\"valueRequired\":true,\"valueName\":\"search_term_string\"}}],\"inLanguage\":\"en-US\"},{\"@type\":\"Organization\",\"@id\":\"https:\/\/aranypartetterem.hu\/#organization\",\"name\":\"Aranypart \u00c9tterem\",\"url\":\"https:\/\/aranypartetterem.hu\/\",\"logo\":{\"@type\":\"ImageObject\",\"inLanguage\":\"en-US\",\"@id\":\"https:\/\/aranypartetterem.hu\/#\/schema\/logo\/image\/\",\"url\":\"https:\/\/aranypartetterem.hu\/wp-content\/uploads\/2026\/04\/Aranypart_Etterem_logo_final_RGB_feher-scaled.png\",\"contentUrl\":\"https:\/\/aranypartetterem.hu\/wp-content\/uploads\/2026\/04\/Aranypart_Etterem_logo_final_RGB_feher-scaled.png\",\"width\":2560,\"height\":815,\"caption\":\"Aranypart \u00c9tterem\"},\"image\":{\"@id\":\"https:\/\/aranypartetterem.hu\/#\/schema\/logo\/image\/\"}}]}<\/script>\n<!-- \/ Yoast SEO plugin. -->","yoast_head_json":{"title":"Contact - Gold Coast Restaurant","robots":{"index":"index","follow":"follow","max-snippet":"max-snippet:-1","max-image-preview":"max-image-preview:large","max-video-preview":"max-video-preview:-1"},"canonical":"https:\/\/aranypartetterem.hu\/en\/contact\/","og_locale":"en_US","og_type":"article","og_title":"Kapcsolat - Aranypart \u00c9tterem","og_description":"K\u00fcldj\u00f6n nek\u00fcnk \u00fczenetet Szeretne asztalt foglalni, vagy inform\u00e1ci\u00f3t k\u00e9rni szolg\u00e1ltat\u00e1sainkr\u00f3l? \u00cdrja meg nek\u00fcnk, miben seg\u00edthet\u00fcnk, \u00e9s a megadott el\u00e9rhet\u0151s\u00e9gek egyik\u00e9n hamarosan jelentkez\u00fcnk!","og_url":"https:\/\/aranypartetterem.hu\/en\/contact\/","og_site_name":"Aranypart \u00c9tterem","article_modified_time":"2026-04-21T11:29:03+00:00","twitter_card":"summary_large_image","twitter_misc":{"Est. reading time":"1 minute"},"schema":{"@context":"https:\/\/schema.org","@graph":[{"@type":"WebPage","@id":"https:\/\/aranypartetterem.hu\/kapcsolat\/","url":"https:\/\/aranypartetterem.hu\/kapcsolat\/","name":"Contact - Gold Coast Restaurant","isPartOf":{"@id":"https:\/\/aranypartetterem.hu\/#website"},"datePublished":"2026-03-16T16:17:50+00:00","dateModified":"2026-04-21T11:29:03+00:00","breadcrumb":{"@id":"https:\/\/aranypartetterem.hu\/kapcsolat\/#breadcrumb"},"inLanguage":"en-US","potentialAction":[{"@type":"ReadAction","target":["https:\/\/aranypartetterem.hu\/kapcsolat\/"]}]},{"@type":"BreadcrumbList","@id":"https:\/\/aranypartetterem.hu\/kapcsolat\/#breadcrumb","itemListElement":[{"@type":"ListItem","position":1,"name":"Home","item":"https:\/\/aranypartetterem.hu\/"},{"@type":"ListItem","position":2,"name":"Kapcsolat"}]},{"@type":"WebSite","@id":"https:\/\/aranypartetterem.hu\/#website","url":"https:\/\/aranypartetterem.hu\/","name":"Gold Coast Restaurant","description":"Gold Coast Restaurant","publisher":{"@id":"https:\/\/aranypartetterem.hu\/#organization"},"potentialAction":[{"@type":"SearchAction","target":{"@type":"EntryPoint","urlTemplate":"https:\/\/aranypartetterem.hu\/?s={search_term_string}"},"query-input":{"@type":"PropertyValueSpecification","valueRequired":true,"valueName":"search_term_string"}}],"inLanguage":"en-US"},{"@type":"Organization","@id":"https:\/\/aranypartetterem.hu\/#organization","name":"Gold Coast Restaurant","url":"https:\/\/aranypartetterem.hu\/","logo":{"@type":"ImageObject","inLanguage":"en-US","@id":"https:\/\/aranypartetterem.hu\/#\/schema\/logo\/image\/","url":"https:\/\/aranypartetterem.hu\/wp-content\/uploads\/2026\/04\/Aranypart_Etterem_logo_final_RGB_feher-scaled.png","contentUrl":"https:\/\/aranypartetterem.hu\/wp-content\/uploads\/2026\/04\/Aranypart_Etterem_logo_final_RGB_feher-scaled.png","width":2560,"height":815,"caption":"Aranypart \u00c9tterem"},"image":{"@id":"https:\/\/aranypartetterem.hu\/#\/schema\/logo\/image\/"}}]}},"_links":{"self":[{"href":"https:\/\/aranypartetterem.hu\/en\/wp-json\/wp\/v2\/pages\/117","targetHints":{"allow":["GET"]}}],"collection":[{"href":"https:\/\/aranypartetterem.hu\/en\/wp-json\/wp\/v2\/pages"}],"about":[{"href":"https:\/\/aranypartetterem.hu\/en\/wp-json\/wp\/v2\/types\/page"}],"author":[{"embeddable":true,"href":"https:\/\/aranypartetterem.hu\/en\/wp-json\/wp\/v2\/users\/1"}],"replies":[{"embeddable":true,"href":"https:\/\/aranypartetterem.hu\/en\/wp-json\/wp\/v2\/comments?post=117"}],"version-history":[{"count":60,"href":"https:\/\/aranypartetterem.hu\/en\/wp-json\/wp\/v2\/pages\/117\/revisions"}],"predecessor-version":[{"id":1058,"href":"https:\/\/aranypartetterem.hu\/en\/wp-json\/wp\/v2\/pages\/117\/revisions\/1058"}],"wp:attachment":[{"href":"https:\/\/aranypartetterem.hu\/en\/wp-json\/wp\/v2\/media?parent=117"}],"curies":[{"name":"wp","href":"https:\/\/api.w.org\/{rel}","templated":true}]}}